{"id":64,"date":"2021-09-27T10:02:22","date_gmt":"2021-09-27T10:02:22","guid":{"rendered":"http:\/\/web.amelie-czerwenka.com\/?page_id=64"},"modified":"2024-11-26T14:37:00","modified_gmt":"2024-11-26T14:37:00","slug":"work","status":"publish","type":"page","link":"https:\/\/amelie-czerwenka.com\/","title":{"rendered":"Drehbuch"},"content":{"rendered":"\n<div class=\"wp-block-columns\">\n<div class=\"wp-block-column\">\n<h2><strong><span style=\"color:#008e93\" class=\"has-inline-color\">Was mich inspiriert<\/span><\/strong><\/h2>\n\n\n\n<p>Wer eine chaotische Familie hat, l\u00e4uft entweder weg oder sieht umso genauer hin. <em>Das bin ich.&nbsp;<\/em><\/p>\n\n\n\n<p>Wie faszinierend sind bitte die Menschen, wie skurril, ph\u00e4nomenal d\u00e4mlich und doch so unfassbar brillant? Sie lieben sich, hassen sich, t\u00f6ten sich, verg\u00f6ttern sich. Haben Geheimnisse, sagen Dinge laut oder gar nicht. Leben neben- und doch manchmal nicht miteinander, haben moralische Anspr\u00fcche und treten sie im n\u00e4chsten Moment mit F\u00fc\u00dfen.\u00a0<\/p>\n\n\n\n<p>Ich liebe Authentizit\u00e4t. Nur indem wir ehrlich schreiben und zeigen, wie merkw\u00fcrdig diese seltsamen Kreaturen namens Menschen sind, kommen wir ihnen und uns selber n\u00e4her.\u00a0<\/p>\n\n\n\n<p>Drama, manchmal gemischt mit Comedy, manchmal gemischt mit Crime, manchmal mit beidem. Das sind meine Stoffe.\u00a0\u00a0<\/p>\n<\/div>\n\n\n\n<div class=\"wp-block-column\">\n<h2><strong><span style=\"color:#008e93\" class=\"has-inline-color\">Warum ich Serien schreibe<\/span><\/strong><\/h2>\n\n\n\n<p>Ich brauche Platz und Zeit: F\u00fcr viele Figuren, f\u00fcr unterschiedliche Perspektiven und manchmal auch f\u00fcr verschiedene Zeitebenen. So kann ich meine Figuren zeigen, wie sie wirklich sind. <\/p>\n\n\n\n<p>Und: Ich liebe die Herausforderung des dramaturgischen Puzzlespiels.<\/p>\n\n\n\n<p>Neben meinem Studium an der DFFB (Deutschen Film- und Fernsehakademie Berlin) habe ich mich hier spezialisiert: <\/p>\n\n\n\n<ul><li>Im Storytellerprogramm von DFFB und RTL\/TVNOW. <\/li><li>In einem International Series Workshop an der HFF M\u00fcnchen. <\/li><li>Und in einer Summer School an der UCLA in den USA. <\/li><\/ul>\n<\/div>\n<\/div>\n","protected":false},"excerpt":{"rendered":"<p>Was mich inspiriert Wer eine chaotische Familie hat, l\u00e4uft entweder weg oder sieht umso genauer hin. Das bin ich.&nbsp; Wie faszinierend sind bitte die Menschen, wie skurril, ph\u00e4nomenal d\u00e4mlich und doch so unfassbar brillant? Sie lieben sich, hassen sich, t\u00f6ten sich, verg\u00f6ttern sich. Haben Geheimnisse, sagen Dinge laut oder gar nicht. Leben neben- und doch &hellip; <\/p>\n<p class=\"link-more\"><a href=\"https:\/\/amelie-czerwenka.com\/\" class=\"more-link\"><span class=\"screen-reader-text\">\u201eDrehbuch\u201c<\/span> weiterlesen<\/a><\/p>\n","protected":false},"author":1,"featured_media":0,"parent":0,"menu_order":0,"comment_status":"closed","ping_status":"closed","template":"","meta":{"spay_email":""},"_links":{"self":[{"href":"https:\/\/amelie-czerwenka.com\/index.php?rest_route=\/wp\/v2\/pages\/64"}],"collection":[{"href":"https:\/\/amelie-czerwenka.com\/index.php?rest_route=\/wp\/v2\/pages"}],"about":[{"href":"https:\/\/amelie-czerwenka.com\/index.php?rest_route=\/wp\/v2\/types\/page"}],"author":[{"embeddable":true,"href":"https:\/\/amelie-czerwenka.com\/index.php?rest_route=\/wp\/v2\/users\/1"}],"replies":[{"embeddable":true,"href":"https:\/\/amelie-czerwenka.com\/index.php?rest_route=%2Fwp%2Fv2%2Fcomments&post=64"}],"version-history":[{"count":19,"href":"https:\/\/amelie-czerwenka.com\/index.php?rest_route=\/wp\/v2\/pages\/64\/revisions"}],"predecessor-version":[{"id":194,"href":"https:\/\/amelie-czerwenka.com\/index.php?rest_route=\/wp\/v2\/pages\/64\/revisions\/194"}],"wp:attachment":[{"href":"https:\/\/amelie-czerwenka.com\/index.php?rest_route=%2Fwp%2Fv2%2Fmedia&parent=64"}],"curies":[{"name":"wp","href":"https:\/\/api.w.org\/{rel}","templated":true}]}}