{"id":72,"date":"2021-09-27T10:02:23","date_gmt":"2021-09-27T10:02:23","guid":{"rendered":"http:\/\/web.amelie-czerwenka.com\/?page_id=72"},"modified":"2024-11-26T14:47:04","modified_gmt":"2024-11-26T14:47:04","slug":"filmographie-2","status":"publish","type":"page","link":"https:\/\/amelie-czerwenka.com\/?page_id=72","title":{"rendered":"Filmographie"},"content":{"rendered":"\n<h2><strong><mark style=\"background-color:rgba(0, 0, 0, 0);color:#008e93\" class=\"has-inline-color\">Realisiert:<\/mark><\/strong><\/h2>\n\n\n\n<ul><li>2024 FRIEDA &#8211; MIT FEUER UND FLAMME, Daily Serie, SAT.1, 6 Episoden; Produktion: Saxonia Media<\/li><li>2024 LOST IN NEULICH, Staffel 3, H\u00f6rspiel-Serie, Dramedy, 4 Episoden; Produktion: audiowunder f\u00fcr Radio Bremen<\/li><li>2023 LOST IN NEULICH, Staffel 2,  H\u00f6rspiel-Serie, Dramedy, 4 Episoden; Produktion: audiowunder f\u00fcr Radio Bremen <\/li><li>2022 AB Ins Kalte Wasser, 35&#8220;, Drehbuch &#8211; mit Lasse Holdhus<\/li><li>2017 GOLDEN HEARTS, 5&#8220;, Drehbuch, Regie, Produktion<\/li><\/ul>\n\n\n\n<h2><strong><mark style=\"background-color:rgba(0, 0, 0, 0);color:#008e93\" class=\"has-inline-color\">Stoffentwicklung<\/mark><\/strong><\/h2>\n\n\n\n<ul><li>2023 LEIPZIG, Historische Serie, 2 Episoden, Produktion: Ziegler Film Baden Baden<\/li><li>2021 DAS KARUSSELL, Miniserie &#8211; <em>Drama<\/em><\/li><li>2021 BEAT IT, Fortlaufende Serie &#8211; mit Helena Hofmann und Jule Keller &#8211; <em>Young Adult<\/em><\/li><li>2021 LANDMANTEL, Miniserie &#8211; <em>Drama<\/em><\/li><li>2020 KAYA, Fortlaufende Serie &#8211; mit Romy Ferguson und Sarah Tafel &#8211; <em>Zeitgeschichte-Krimi<\/em><\/li><li>2020 VOR DEM ANFANG IST DAS ENDE, Miniserie &#8211; <em>Zeitgeschichte-Drama<\/em><\/li><li>2019, CHARLY&amp;LOU, Fortlaufende Serie &#8211; <em>Drama<\/em><\/li><\/ul>\n","protected":false},"excerpt":{"rendered":"<p>Realisiert: 2024 FRIEDA &#8211; MIT FEUER UND FLAMME, Daily Serie, SAT.1, 6 Episoden; Produktion: Saxonia Media 2024 LOST IN NEULICH, Staffel 3, H\u00f6rspiel-Serie, Dramedy, 4 Episoden; Produktion: audiowunder f\u00fcr Radio Bremen 2023 LOST IN NEULICH, Staffel 2, H\u00f6rspiel-Serie, Dramedy, 4 Episoden; Produktion: audiowunder f\u00fcr Radio Bremen 2022 AB Ins Kalte Wasser, 35&#8220;, Drehbuch &#8211; mit &hellip; <\/p>\n<p class=\"link-more\"><a href=\"https:\/\/amelie-czerwenka.com\/?page_id=72\" class=\"more-link\"><span class=\"screen-reader-text\">\u201eFilmographie\u201c<\/span> weiterlesen<\/a><\/p>\n","protected":false},"author":1,"featured_media":0,"parent":0,"menu_order":0,"comment_status":"closed","ping_status":"closed","template":"","meta":{"spay_email":""},"_links":{"self":[{"href":"https:\/\/amelie-czerwenka.com\/index.php?rest_route=\/wp\/v2\/pages\/72"}],"collection":[{"href":"https:\/\/amelie-czerwenka.com\/index.php?rest_route=\/wp\/v2\/pages"}],"about":[{"href":"https:\/\/amelie-czerwenka.com\/index.php?rest_route=\/wp\/v2\/types\/page"}],"author":[{"embeddable":true,"href":"https:\/\/amelie-czerwenka.com\/index.php?rest_route=\/wp\/v2\/users\/1"}],"replies":[{"embeddable":true,"href":"https:\/\/amelie-czerwenka.com\/index.php?rest_route=%2Fwp%2Fv2%2Fcomments&post=72"}],"version-history":[{"count":10,"href":"https:\/\/amelie-czerwenka.com\/index.php?rest_route=\/wp\/v2\/pages\/72\/revisions"}],"predecessor-version":[{"id":203,"href":"https:\/\/amelie-czerwenka.com\/index.php?rest_route=\/wp\/v2\/pages\/72\/revisions\/203"}],"wp:attachment":[{"href":"https:\/\/amelie-czerwenka.com\/index.php?rest_route=%2Fwp%2Fv2%2Fmedia&parent=72"}],"curies":[{"name":"wp","href":"https:\/\/api.w.org\/{rel}","templated":true}]}}